{"id":8,"date":"2019-07-28T08:27:06","date_gmt":"2019-07-28T08:27:06","guid":{"rendered":"https:\/\/poganyi.hu\/?page_id=8"},"modified":"2022-07-26T16:31:42","modified_gmt":"2022-07-26T15:31:42","slug":"home","status":"publish","type":"page","link":"https:\/\/poganyi.hu\/","title":{"rendered":"\u00dcdv\u00f6z\u00f6lj\u00fck a poganyi.hu weboldalon!"},"content":{"rendered":"<p>Az oldal kialak\u00edt\u00e1s alatt van, ez\u00e9rt a teljes tartalom m\u00e9g nem el\u00e9rhet\u0151.<\/p>\n<p>Rezsics\u00f6kkent\u00e9s&#8230;<\/p>\n<p>Ennek sz\u00e1mos m\u00f3dja l\u00e9tezik, de egy\u00e9rtelm\u0171en elmondhatjuk, hogy egy j\u00f3l be\u00e1ll\u00edtott okosotthon rendszer k\u00e9pes &#8222;\u00e9szrevehet\u0151&#8221; k\u00f6lts\u00e9geket megtakar\u00edtani.<\/p>\n<p>Miben tudunk rezsit cs\u00f6kkenteni?<\/p>\n<ul>\n<li>F\u0171t\u00e9s vez\u00e9rl\u00e9s (g\u00e1z, villany)<\/li>\n<li>Meleg v\u00edz el\u0151\u00e1ll\u00edt\u00e1s (g\u00e1z, villany)<\/li>\n<li>L\u00e1mp\u00e1k vez\u00e9rl\u00e9se<\/li>\n<li>Medence f\u0171t\u00e9s \u00e9s szivatty\u00fa vez\u00e9rl\u00e9s<\/li>\n<\/ul>\n<p>Felkeltett\u00fck \u00e9rdekl\u0151d\u00e9s\u00e9t? Keressen minket bizalommal.<\/p>\n","protected":false},"excerpt":{"rendered":"<p>Az oldal kialak\u00edt\u00e1s alatt van, ez\u00e9rt a teljes tartalom m\u00e9g nem el\u00e9rhet\u0151. Rezsics\u00f6kkent\u00e9s&#8230; Ennek sz\u00e1mos m\u00f3dja l\u00e9tezik, de egy\u00e9rtelm\u0171en elmondhatjuk, hogy egy j\u00f3l be\u00e1ll\u00edtott okosotthon rendszer k\u00e9pes &#8222;\u00e9szrevehet\u0151&#8221; k\u00f6lts\u00e9geket megtakar\u00edtani. Miben tudunk rezsit cs\u00f6kkenteni? F\u0171t\u00e9s vez\u00e9rl\u00e9s (g\u00e1z, villany) Meleg v\u00edz el\u0151\u00e1ll\u00edt\u00e1s (g\u00e1z, villany) L\u00e1mp\u00e1k vez\u00e9rl\u00e9se Medence f\u0171t\u00e9s \u00e9s szivatty\u00fa vez\u00e9rl\u00e9s&#8230; <a class=\"continue-reading-link\" href=\"https:\/\/poganyi.hu\/\"> Continue reading <span class=\"meta-nav\">&rarr; <\/span><\/a><\/p>\n","protected":false},"author":2,"featured_media":0,"parent":0,"menu_order":0,"comment_status":"closed","ping_status":"closed","template":"templates\/template-twocolumns-right.php","meta":{"footnotes":""},"class_list":["post-8","page","type-page","status-publish","hentry"],"_links":{"self":[{"href":"https:\/\/poganyi.hu\/index.php?rest_route=\/wp\/v2\/pages\/8","targetHints":{"allow":["GET"]}}],"collection":[{"href":"https:\/\/poganyi.hu\/index.php?rest_route=\/wp\/v2\/pages"}],"about":[{"href":"https:\/\/poganyi.hu\/index.php?rest_route=\/wp\/v2\/types\/page"}],"author":[{"embeddable":true,"href":"https:\/\/poganyi.hu\/index.php?rest_route=\/wp\/v2\/users\/2"}],"replies":[{"embeddable":true,"href":"https:\/\/poganyi.hu\/index.php?rest_route=%2Fwp%2Fv2%2Fcomments&post=8"}],"version-history":[{"count":6,"href":"https:\/\/poganyi.hu\/index.php?rest_route=\/wp\/v2\/pages\/8\/revisions"}],"predecessor-version":[{"id":270,"href":"https:\/\/poganyi.hu\/index.php?rest_route=\/wp\/v2\/pages\/8\/revisions\/270"}],"wp:attachment":[{"href":"https:\/\/poganyi.hu\/index.php?rest_route=%2Fwp%2Fv2%2Fmedia&parent=8"}],"curies":[{"name":"wp","href":"https:\/\/api.w.org\/{rel}","templated":true}]}}