{"id":38,"date":"2019-07-28T10:52:38","date_gmt":"2019-07-28T08:52:38","guid":{"rendered":"https:\/\/poganyi.hu\/?page_id=38"},"modified":"2024-01-20T11:21:11","modified_gmt":"2024-01-20T10:21:11","slug":"szakemberek","status":"publish","type":"page","link":"https:\/\/poganyi.hu\/?page_id=38","title":{"rendered":"Helyi v\u00e1llalkoz\u00e1sok"},"content":{"rendered":"\n<p class=\"has-text-align-center\">Legy\u00e9l te is a list\u00e1n! <a href=\"https:\/\/poganyi.hu\/?page_id=199\">&gt;&gt; ITT &lt;&lt;<\/a> tudsz jelentkezni!<\/p>\n\n\n\n<center><table width=\"100%\" cellspacing=\"0\" cellpadding=\"0\" border=\"0\" align=\"center\">\n  <tbody>\n    <tr>\n      <td colspan=\"2\" width=\"1024\"><div align=\"center\">\n        <p><strong><font size=\"4\" color=\"#0D85CC\">Helyi v\u00e1llalkoz\u00e1sok, szakemberek el\u00e9rhet\u0151s\u00e9ge:<\/font><\/strong><\/p>\n        <table height=\"100%\" cellspacing=\"0\" cellpadding=\"0\" border=\"1\">\n          <tbody><tr>\n            <td width=\"20%\" height=\"33\" align=\"center\"><p><strong> E-mail, Web<\/strong><\/p><\/td>\n            <td width=\"11%\" align=\"center\"><p><strong>N\u00e9v<\/strong><\/p><\/td>\n            <td width=\"60%\" align=\"center\"><p><strong>Tev\u00e9kenys\u00e9g<\/strong><\/p><\/td>\n            <td width=\"10%\" align=\"center\"><p><strong>El\u00e9rhet\u0151s\u00e9g<\/strong><\/p><\/td>\n          <\/tr>\n          <tr>\n            <td width=\"20%\" valign=\"middle\" height=\"40\" align=\"center\"><p><strong><font size=\"2\" color=\"#990000\"><img loading=\"lazy\" decoding=\"async\" src=\".\/kepek\/haricomp.png\" width=\"200\" height=\"25\" align=\"absbottom\"><\/font><\/strong><\/p>\n              <p><strong><font size=\"2\" color=\"#0D85CC\">www.haricomp.hu<\/font><\/strong><\/p><\/td>\n            <td valign=\"middle\" align=\"center\"><p>Harasztia Roland<\/p><\/td>\n            <td valign=\"middle\" align=\"center\"><p>Kamerarendszerek tervez\u00e9se, telep\u00edt\u00e9se, \u00fczemeltet\u00e9se<br>\n              Vezet\u00e9kes \u00e9s vezet\u00e9k-n\u00e9lk\u00fcli h\u00e1l\u00f3zatok \u00e9p\u00edt\u00e9se<br>\n              Minden, ami informatika \u00e9s Internet<br>\n              Internetes szolg\u00e1ltat\u00e1sok<br>\n              Internetes web-t\u00e1rhely szolg\u00e1ltat\u00e1sok<br>\n              Domain n\u00e9v regisztr\u00e1ci\u00f3<br>\n              Weboldalak tervez\u00e9se<br>\n              PC alkatr\u00e9szek beszerz\u00e9se<br>\n              Linux szerverek \u00fczemeltet\u00e9se<br>\n              NAS szolg\u00e1ltat\u00e1sok<br>\n              IP \u00e9s GSM alap\u00fa vez\u00e9rl\u00e9sek<br>\n              &#8211; kapuny\u00edt\u00f3k<br>\n              &#8211; termoszt\u00e1tok<br>\n              &#8211; smarthome vez\u00e9rl\u0151k<\/p>\n              <p><strong>K\u00f6zel 30 \u00e9ves szak\u00e9rtelem<br>\n                C\u00e9g\u00fcnk t\u00f6bb mint 20 \u00e9ve az informatikai piacon<\/strong><\/p><\/td>\n            <td valign=\"middle\" align=\"center\"><p>36212333111<\/p><\/td>\n          <\/tr>\n          <tr>\n            <td width=\"20%\" valign=\"middle\" height=\"40\" align=\"center\"><p><strong><font size=\"2\" color=\"#990000\"><img loading=\"lazy\" decoding=\"async\" src=\".\/kepek\/irokobt.png\" width=\"200\" height=\"25\" align=\"absbottom\"><\/font><\/strong><\/p><\/td>\n            <td valign=\"middle\" align=\"center\"><p>Bencsik L\u00e1szl\u00f3<\/p><\/td>\n            <td valign=\"middle\" align=\"center\"><div jsname=\"YcZb7\" data-chart=\"1425159294\" data-fieldid=\"1813077928\">              Gipszkartonszerel\u00e9s,    k\u0151m\u0171ves munk\u00e1k, fest\u00e9s, magas\u00e9p\u00edt\u00e9s<\/div><\/td>\n            <td valign=\"middle\" align=\"center\"><div jsname=\"YcZb7\" data-chart=\"1162034317\" data-fieldid=\"967927500\">\n              <p>36305529661<\/p><\/div><\/td>\n          <\/tr>\n          <tr>\n            <td width=\"20%\" valign=\"middle\" height=\"40\" align=\"center\"><p><strong><font size=\"2\" color=\"#990000\"><img loading=\"lazy\" decoding=\"async\" src=\".\/kepek\/klaasz.png\" width=\"200\" height=\"25\" align=\"absbottom\"><\/font><\/strong><\/p><\/td>\n            <td valign=\"middle\" align=\"center\"><p>Kl\u00e1sz Andr\u00e1s<\/p><\/td>\n            <td valign=\"middle\" align=\"center\"><p>F\u00f6ldm\u00e9r\u00e9s, Geod\u00e9zia<\/p><\/td>\n            <td valign=\"middle\" align=\"center\"><p>36203196006<\/p><\/td>\n          <\/tr>\n          <tr>\n            <td width=\"20%\" valign=\"middle\" height=\"40\" align=\"center\"><p><strong><font size=\"2\" color=\"#990000\"><img loading=\"lazy\" decoding=\"async\" src=\".\/kepek\/motobox.png\" width=\"200\" height=\"25\" align=\"absbottom\"><\/font><\/strong><\/p>\n              <p><strong><font size=\"2\" color=\"#0D85CC\">www.motobox.hu<\/font><\/strong><\/p><\/td>\n            <td valign=\"middle\" align=\"center\"><p>J\u00e1nossy Bal\u00e1zs (Motobox Motoros \u00c1ruh\u00e1z)<\/p><\/td>\n            <td valign=\"middle\" align=\"center\"><p>Motoros ruh\u00e1zat, kieg\u00e9sz\u00edt\u0151k, alkatr\u00e9sz&#8230;<\/p><\/td>\n            <td valign=\"middle\" align=\"center\"><p>36209557058<\/p><\/td>\n          <\/tr>\n          <tr>\n            <td width=\"20%\" valign=\"middle\" height=\"40\" align=\"center\"><p><strong><font size=\"2\" color=\"#990000\"><img loading=\"lazy\" decoding=\"async\" src=\".\/kepek\/foldesdizsolt.png\" width=\"200\" height=\"25\" align=\"absbottom\"><\/font><\/strong><\/p><\/td>\n            <td valign=\"middle\" align=\"center\"><p>F\u00f6ldesdi Zsolt<\/p><\/td>\n            <td valign=\"middle\" align=\"center\"><p>Villanyszerel\u00e9s<\/p><\/td>\n            <td valign=\"middle\" align=\"center\"><p>36306205209<\/p><\/td>\n          <\/tr>\n          <tr>\n            <td width=\"20%\" valign=\"middle\" height=\"40\" align=\"center\"><strong><font size=\"2\" color=\"#990000\"><img loading=\"lazy\" decoding=\"async\" src=\".\/kepek\/dpterv.png\" width=\"200\" height=\"25\" align=\"absbottom\"><\/font><\/strong><\/td>\n            <td valign=\"middle\" align=\"center\"><p>Dal Porto Alberto<\/p><\/td>\n            <td valign=\"middle\" align=\"center\"><p>\u00c9p\u00fcletg\u00e9p\u00e9sz tervez\u0151, energetikai tan\u00fas\u00edt\u00f3<\/p><\/td>\n            <td valign=\"middle\" align=\"center\"><p>36307019507<\/p><\/td>\n          <\/tr>\n          <tr>\n            <td width=\"20%\" valign=\"middle\" height=\"40\" align=\"center\"><p><strong><font size=\"2\" color=\"#990000\"><img loading=\"lazy\" decoding=\"async\" src=\".\/kepek\/amrein.png\" width=\"200\" height=\"25\" align=\"absbottom\"><\/font><\/strong><\/p><\/td>\n            <td valign=\"middle\" align=\"center\"><p>Amrein \u00c1d\u00e1m<\/p><\/td>\n            <td valign=\"middle\" align=\"center\"><p>Kert\u00e9sz, gondnok<\/p><\/td>\n            <td valign=\"middle\" align=\"center\"><p>36204392198<\/p><\/td>\n          <\/tr>\n          <tr>\n            <td width=\"20%\" valign=\"middle\" height=\"40\" align=\"center\"><p><strong><font size=\"2\" color=\"#990000\"><img loading=\"lazy\" decoding=\"async\" src=\".\/kepek\/lauragyorki.png\" width=\"200\" height=\"25\" align=\"absbottom\"><\/font><\/strong><\/p><\/td>\n            <td valign=\"middle\" align=\"center\"><p>Gy\u0151rki Laura<\/p><\/td>\n            <td valign=\"middle\" align=\"center\"><p>Massz\u00e1zs, Access Bars terapeuta, Fejleszt\u0151 gy\u00f3gypedag\u00f3gus<\/p><\/td>\n            <td valign=\"middle\" align=\"center\"><p>36704579401<\/p><\/td>\n          <\/tr>\n          <tr>\n            <td width=\"20%\" valign=\"middle\" height=\"40\" align=\"center\"><p><strong><font size=\"2\" color=\"#990000\"><img loading=\"lazy\" decoding=\"async\" src=\".\/kepek\/patrikbuild.png\" width=\"200\" height=\"25\" align=\"absbottom\"><\/font><\/strong><\/p><\/td>\n            <td valign=\"middle\" align=\"center\"><p>P\u00e1trik Arnold<\/p><\/td>\n            <td valign=\"middle\" align=\"center\"><p>Gipszkarton, Fest\u00e9s, Szigetel\u00e9s<\/p><\/td>\n            <td valign=\"middle\" align=\"center\"><p>36703520892<\/p><\/td>\n            <\/tr>\n          <tr>\n            <td width=\"20%\" valign=\"middle\" height=\"40\" align=\"center\"><p><strong><font size=\"2\" color=\"#990000\"><img loading=\"lazy\" decoding=\"async\" src=\".\/kepek\/vilbika.png\" width=\"200\" height=\"25\" align=\"absbottom\"><\/font><\/strong><\/p><\/td>\n            <td valign=\"middle\" align=\"center\"><p>Hars\u00e1nyi Zolt\u00e1n<\/p><\/td>\n            <td valign=\"middle\" align=\"center\"><p>Villany-, v\u00edzvezt\u00e9k-, Mos\u00f3g\u00e9p-, h\u00e1ztart\u00e1si- \u00e9s bark\u00e1csg\u00e9p szerel\u00e9s,   jav\u00edt\u00e1s. H\u00e1ztart\u00e1si \u00e9s ipari nagyg\u00e9pek jav\u00edt\u00e1sa, telep\u00edt\u00e9s\u00fck, vez\u00e9rl\u00e9s\u00fck    tervez\u00e9se kivitelez\u00e9se. B\u00fatorok tervez\u00e9se, kivitelez\u00e9se \u00e9s jav\u00edt\u00e1sa.   M\u0171anyag ny\u00edl\u00e1sz\u00e1r\u00f3k, gar\u00e1zs, m\u0171hely ajt\u00f3k \u00e9s \u00e1rny\u00e9kol\u00f3k szerel\u00e9se \u00e9s   jav\u00edt\u00e1sa.<\/p><\/td>\n            <td valign=\"middle\" align=\"center\"><p>36305640625<\/p><\/td>\n          <\/tr>\n           <tr>\n            <td width=\"20%\" valign=\"middle\" height=\"40\" align=\"center\"><p><strong><font size=\"2\" color=\"#990000\"><img loading=\"lazy\" decoding=\"async\" src=\".\/kepek\/kosazoltan.png\" width=\"200\" height=\"25\" align=\"absbottom\"><\/font><\/strong><\/p><\/td>\n            <td valign=\"middle\" align=\"center\"><p>K\u00f3sa Zolt\u00e1n<\/p><\/td>\n            <td valign=\"middle\" align=\"center\"><p>Lak\u00e1s, vagyon, felel\u0151ss\u00e9g, casc\u00f3, kgfb, baleset, \u00e9letbiztos\u00edt\u00e1sok<\/p><\/td>\n            <td valign=\"middle\" align=\"center\"><p>36205996169<\/p><\/td>\n          <\/tr>\n           <tr>\n            <td width=\"20%\" valign=\"middle\" height=\"40\" align=\"center\"><p><strong><font size=\"2\" color=\"#990000\"><img loading=\"lazy\" decoding=\"async\" src=\".\/kepek\/weiszemese.png\" width=\"200\" height=\"25\" align=\"absbottom\"><\/font><\/strong><\/p><\/td>\n            <td valign=\"middle\" align=\"center\"><p>Weisz-Jak\u00f3cs Emese<\/p><\/td>\n            <td valign=\"middle\" align=\"center\"><p>T\u00e9szta gy\u00e1rt\u00e1s<\/p><\/td>\n            <td valign=\"middle\" align=\"center\"><p>www.meseteszta.hu<\/p><\/td>\n          <\/tr>\n            <tr>\n            <td width=\"20%\" valign=\"middle\" height=\"40\" align=\"center\"><p><strong><font size=\"2\" color=\"#990000\"><\/font><\/strong><\/p><\/td>\n            <td valign=\"middle\" align=\"center\"><p>Szekeres G\u00e1bor<\/p><\/td>\n            <td valign=\"middle\" align=\"center\"><p>\u00c1cs \u00e9s asztalos munk\u00e1k<\/p><\/td>\n            <td valign=\"middle\" align=\"center\"><p>36202465565<\/p><\/td>\n          <\/tr>\n          <\/tbody><\/table>\n        <br>\n        <\/div><\/td>\n    <\/tr>\n    <\/tbody>\n<\/table>\n  <p>&nbsp;<\/p>\n<\/center>\n\n\n\n<p><\/p>\n","protected":false},"excerpt":{"rendered":"<p>Legy\u00e9l te is a list\u00e1n! &gt;&gt; ITT &lt;&lt; tudsz jelentkezni! Helyi v\u00e1llalkoz\u00e1sok, szakemberek el\u00e9rhet\u0151s\u00e9ge: E-mail, Web N\u00e9v Tev\u00e9kenys\u00e9g El\u00e9rhet\u0151s\u00e9g www.haricomp.hu Harasztia Roland Kamerarendszerek tervez\u00e9se, telep\u00edt\u00e9se, \u00fczemeltet\u00e9se Vezet\u00e9kes \u00e9s vezet\u00e9k-n\u00e9lk\u00fcli h\u00e1l\u00f3zatok \u00e9p\u00edt\u00e9se Minden, ami informatika \u00e9s Internet Internetes szolg\u00e1ltat\u00e1sok Internetes web-t\u00e1rhely szolg\u00e1ltat\u00e1sok Domain n\u00e9v regisztr\u00e1ci\u00f3 Weboldalak tervez\u00e9se PC alkatr\u00e9szek beszerz\u00e9se Linux&#8230; <a class=\"continue-reading-link\" href=\"https:\/\/poganyi.hu\/?page_id=38\"> Continue reading <span class=\"meta-nav\">&rarr; <\/span><\/a><\/p>\n","protected":false},"author":2,"featured_media":0,"parent":0,"menu_order":0,"comment_status":"closed","ping_status":"closed","template":"","meta":{"footnotes":""},"class_list":["post-38","page","type-page","status-publish","hentry"],"_links":{"self":[{"href":"https:\/\/poganyi.hu\/index.php?rest_route=\/wp\/v2\/pages\/38","targetHints":{"allow":["GET"]}}],"collection":[{"href":"https:\/\/poganyi.hu\/index.php?rest_route=\/wp\/v2\/pages"}],"about":[{"href":"https:\/\/poganyi.hu\/index.php?rest_route=\/wp\/v2\/types\/page"}],"author":[{"embeddable":true,"href":"https:\/\/poganyi.hu\/index.php?rest_route=\/wp\/v2\/users\/2"}],"replies":[{"embeddable":true,"href":"https:\/\/poganyi.hu\/index.php?rest_route=%2Fwp%2Fv2%2Fcomments&post=38"}],"version-history":[{"count":19,"href":"https:\/\/poganyi.hu\/index.php?rest_route=\/wp\/v2\/pages\/38\/revisions"}],"predecessor-version":[{"id":338,"href":"https:\/\/poganyi.hu\/index.php?rest_route=\/wp\/v2\/pages\/38\/revisions\/338"}],"wp:attachment":[{"href":"https:\/\/poganyi.hu\/index.php?rest_route=%2Fwp%2Fv2%2Fmedia&parent=38"}],"curies":[{"name":"wp","href":"https:\/\/api.w.org\/{rel}","templated":true}]}}