{"id":231,"date":"2021-02-26T08:15:52","date_gmt":"2021-02-26T07:15:52","guid":{"rendered":"http:\/\/poganyi.hu\/?page_id=231"},"modified":"2022-01-25T19:09:15","modified_gmt":"2022-01-25T18:09:15","slug":"ajanlott-szakemberek","status":"publish","type":"page","link":"https:\/\/poganyi.hu\/?page_id=231","title":{"rendered":"Aj\u00e1nlott szakemberek"},"content":{"rendered":"\n<div class=\"wp-block-group\"><div class=\"wp-block-group__inner-container is-layout-flow wp-block-group-is-layout-flow\"><\/div><\/div>\n\n\n\n<figure class=\"wp-block-table\"><table><tbody><tr><td>KOVACSvill Villanyszerel\u00e9s<br><br><a rel=\"noreferrer noopener\" href=\"http:\/\/kovacsvill.eu\/\" target=\"_blank\">http:\/\/kovacsvill.eu\/<\/a><\/td><td>Regisztr\u00e1lt szerel\u0151k\u00e9nt, valamint az&nbsp;<a rel=\"noreferrer noopener\" href=\"https:\/\/www.meevet.hu\/villanyszerelo\/21166\" target=\"_blank\">E.ON<\/a>&nbsp;\u00e9s&nbsp;<a rel=\"noreferrer noopener\" href=\"http:\/\/aramkapocs.hu\/modul\/szakemberadat&amp;token=97025e1cb9959669b346b5af6c161a59\" target=\"_blank\">ELM\u0170<\/a>&nbsp;partnerek\u00e9nt v\u00e1llalom&#8230;<br>&nbsp;<br>Fogyaszt\u00e1sm\u00e9r\u0151helyek kialak\u00edt\u00e1s\u00e1t<br>Fogyaszt\u00e1sm\u00e9r\u0151hely szabv\u00e1nyos\u00edt\u00e1s\u00e1t<br>Teljes\u00edtm\u00e9nyn\u00f6vel\u00e9st<br>\u00c9p\u00edt\u00e9si, ideiglenes m\u00e9r\u0151hely ki\u00e9p\u00edt\u00e9s\u00e9t<br>Vez\u00e9relt (\u00e9jszakai) m\u00e9r\u0151hely kialak\u00edt\u00e1s\u00e1t<br>Z\u00e1r\u00f3pecs\u00e9t bont\u00e1sa<br><br>Kov\u00e1cs D\u00e9nes E.V.<br>7632 P\u00e9cs Enyezd \u00fat 4.<br>Ad\u00f3sz\u00e1m: 68316381-2-22<br>Tel.: +36 30 822 6544<br>\u200bEmail.: kovacs@vonali.hu<br>Nyitvatart\u00e1s H-P 07:30-17:00-ig.<\/td><\/tr><tr><td>Kov\u00e1cs S\u00e1ndor E.V.<\/td><td>       <p>Fest\u00e9s, m\u00e1zol\u00e1s, gipszkarton szerel\u00e9s, lamin\u00e1lt padl\u00f3 lerak\u00e1sa<br>Ig\u00e9nyes, sz\u00e9p, tiszta munka<\/p>     <p>Kov\u00e1cs S\u00e1ndor E.V.<br>7940 Szentl\u0151rinc<br>Ad\u00f3sz\u00e1m: 65491654-1-22<br>Tel.: +36 20 478 0326<br>Nyitvatart\u00e1s H-P 08.00-17:00-ig.<\/p><\/td><\/tr><\/tbody><\/table><\/figure>\n\n\n\n<p><\/p>\n","protected":false},"excerpt":{"rendered":"<p>KOVACSvill Villanyszerel\u00e9s http:\/\/kovacsvill.eu\/ Regisztr\u00e1lt szerel\u0151k\u00e9nt, valamint az&nbsp;E.ON&nbsp;\u00e9s&nbsp;ELM\u0170&nbsp;partnerek\u00e9nt v\u00e1llalom&#8230;&nbsp;Fogyaszt\u00e1sm\u00e9r\u0151helyek kialak\u00edt\u00e1s\u00e1tFogyaszt\u00e1sm\u00e9r\u0151hely szabv\u00e1nyos\u00edt\u00e1s\u00e1tTeljes\u00edtm\u00e9nyn\u00f6vel\u00e9st\u00c9p\u00edt\u00e9si, ideiglenes m\u00e9r\u0151hely ki\u00e9p\u00edt\u00e9s\u00e9tVez\u00e9relt (\u00e9jszakai) m\u00e9r\u0151hely kialak\u00edt\u00e1s\u00e1tZ\u00e1r\u00f3pecs\u00e9t bont\u00e1sa Kov\u00e1cs D\u00e9nes E.V.7632 P\u00e9cs Enyezd \u00fat 4.Ad\u00f3sz\u00e1m: 68316381-2-22Tel.: +36 30 822 6544\u200bEmail.: kovacs@vonali.huNyitvatart\u00e1s H-P 07:30-17:00-ig. Kov\u00e1cs S\u00e1ndor E.V. Fest\u00e9s, m\u00e1zol\u00e1s, gipszkarton szerel\u00e9s, lamin\u00e1lt padl\u00f3 lerak\u00e1saIg\u00e9nyes, sz\u00e9p, tiszta munka Kov\u00e1cs S\u00e1ndor E.V.7940 Szentl\u0151rincAd\u00f3sz\u00e1m: 65491654-1-22Tel.:&#8230; <a class=\"continue-reading-link\" href=\"https:\/\/poganyi.hu\/?page_id=231\"> Continue reading <span class=\"meta-nav\">&rarr; <\/span><\/a><\/p>\n","protected":false},"author":2,"featured_media":0,"parent":0,"menu_order":0,"comment_status":"closed","ping_status":"closed","template":"","meta":{"footnotes":""},"class_list":["post-231","page","type-page","status-publish","hentry"],"_links":{"self":[{"href":"https:\/\/poganyi.hu\/index.php?rest_route=\/wp\/v2\/pages\/231","targetHints":{"allow":["GET"]}}],"collection":[{"href":"https:\/\/poganyi.hu\/index.php?rest_route=\/wp\/v2\/pages"}],"about":[{"href":"https:\/\/poganyi.hu\/index.php?rest_route=\/wp\/v2\/types\/page"}],"author":[{"embeddable":true,"href":"https:\/\/poganyi.hu\/index.php?rest_route=\/wp\/v2\/users\/2"}],"replies":[{"embeddable":true,"href":"https:\/\/poganyi.hu\/index.php?rest_route=%2Fwp%2Fv2%2Fcomments&post=231"}],"version-history":[{"count":10,"href":"https:\/\/poganyi.hu\/index.php?rest_route=\/wp\/v2\/pages\/231\/revisions"}],"predecessor-version":[{"id":267,"href":"https:\/\/poganyi.hu\/index.php?rest_route=\/wp\/v2\/pages\/231\/revisions\/267"}],"wp:attachment":[{"href":"https:\/\/poganyi.hu\/index.php?rest_route=%2Fwp%2Fv2%2Fmedia&parent=231"}],"curies":[{"name":"wp","href":"https:\/\/api.w.org\/{rel}","templated":true}]}}