{"id":10,"date":"2019-07-28T08:27:06","date_gmt":"2019-07-28T08:27:06","guid":{"rendered":"https:\/\/poganyi.hu\/?page_id=10"},"modified":"2019-07-29T23:33:44","modified_gmt":"2019-07-29T21:33:44","slug":"contact","status":"publish","type":"page","link":"https:\/\/poganyi.hu\/?page_id=10","title":{"rendered":"El\u00e9rhet\u0151s\u00e9g"},"content":{"rendered":"\n<p align=\"center\"><a href=\"https:\/\/www.haricomp.hu\" target=\"_blank\" rel=\"noopener noreferrer\"><img loading=\"lazy\" decoding=\"async\" src=\".\/kepek\/logo.png\" width=\"533\" height=\"261\" alt=\"\"\/><\/a><br \/>\n<p align=\"center\"><strong><font color=\"#990000\" size=\"2\">Az oldallal kapcsolatos inform\u00e1ci\u00f3t a 36-21\/2333-111-es telefonsz\u00e1mon illetve az <img loading=\"lazy\" decoding=\"async\" width=\"107\" height=\"16\" align=\"absbottom\" src=\"https:\/\/www.haricomp.hu\/templates\/images\/email10.jpg\"> email c\u00edmen k\u00e9rhet!<\/font><\/strong><\/p>\n","protected":false},"excerpt":{"rendered":"<p>Az oldallal kapcsolatos inform\u00e1ci\u00f3t a 36-21\/2333-111-es telefonsz\u00e1mon illetve az email c\u00edmen k\u00e9rhet!<\/p>\n","protected":false},"author":2,"featured_media":5,"parent":0,"menu_order":0,"comment_status":"closed","ping_status":"closed","template":"","meta":{"footnotes":""},"class_list":["post-10","page","type-page","status-publish","has-post-thumbnail","hentry"],"_links":{"self":[{"href":"https:\/\/poganyi.hu\/index.php?rest_route=\/wp\/v2\/pages\/10","targetHints":{"allow":["GET"]}}],"collection":[{"href":"https:\/\/poganyi.hu\/index.php?rest_route=\/wp\/v2\/pages"}],"about":[{"href":"https:\/\/poganyi.hu\/index.php?rest_route=\/wp\/v2\/types\/page"}],"author":[{"embeddable":true,"href":"https:\/\/poganyi.hu\/index.php?rest_route=\/wp\/v2\/users\/2"}],"replies":[{"embeddable":true,"href":"https:\/\/poganyi.hu\/index.php?rest_route=%2Fwp%2Fv2%2Fcomments&post=10"}],"version-history":[{"count":15,"href":"https:\/\/poganyi.hu\/index.php?rest_route=\/wp\/v2\/pages\/10\/revisions"}],"predecessor-version":[{"id":132,"href":"https:\/\/poganyi.hu\/index.php?rest_route=\/wp\/v2\/pages\/10\/revisions\/132"}],"wp:featuredmedia":[{"embeddable":true,"href":"https:\/\/poganyi.hu\/index.php?rest_route=\/wp\/v2\/media\/5"}],"wp:attachment":[{"href":"https:\/\/poganyi.hu\/index.php?rest_route=%2Fwp%2Fv2%2Fmedia&parent=10"}],"curies":[{"name":"wp","href":"https:\/\/api.w.org\/{rel}","templated":true}]}}